{"id":1820,"date":"2020-09-29T15:16:00","date_gmt":"2020-09-29T12:16:00","guid":{"rendered":"https:\/\/www.outdoorhappiness.fi\/aktuellt\/"},"modified":"2025-12-15T20:31:25","modified_gmt":"2025-12-15T17:31:25","slug":"ajankohtaista","status":"publish","type":"page","link":"https:\/\/www.outdoorhappiness.fi\/fi\/ajankohtaista\/","title":{"rendered":"Ajankohtaista"},"content":{"rendered":"\n<p>Haluatko nauttia ihanista luontokokemuksista? T\u00e4lt\u00e4 sivulta l\u00f6yd\u00e4t kootusti Outdoor Happinessin tarjoamia ajankohtaisia aktiviteettej\u00e4.<\/p>\n\n\n\n<p><strong>Ulkoilmaohjelmaa ryhmille<\/strong>. Outdoor Happiness j\u00e4rjest\u00e4\u00e4 tilauksesta turvallista ohjelmaa raikkaassa ulkoilmassa. Haluatteko nautiskella avotulella, tutustua luontopolkuun tai ehk\u00e4 kokeilla mets\u00e4kylpy\u00e4? Ohjelma r\u00e4\u00e4t\u00e4l\u00f6id\u00e4\u00e4n sinun ryhm\u00e4si toivomusten mukaisesti, <a href=\"https:\/\/www.outdoorhappiness.fi\/fi\/yrityksesta\/\">ota yhteytt\u00e4!<\/a><\/p>\n\n\n\n<p><strong>Haluatko kokeilla talviuintia?<\/strong> Onko toiveenasi aloittaa uusi harrastus turvallisesti? Ota yhteytt\u00e4, niin autan sinut alkuun. T\u00e4ss\u00e4 muutama vinkki talviuinnan aloittamiseen ruotsiksi:  <a href=\"https:\/\/svenska.yle.fi\/artikel\/2020\/10\/10\/ilse-klockars-rad-till-nya-vinterbadare-bestam-dig-i-forvag-dra-ett-djupt-andetag\">Vega V\u00e4stnyland artikkeli.<\/a><\/p>\n\n\n\n<p><strong>Lahjakortti ulkoilmael\u00e4myksiin.<\/strong> Voit ostaa lahjakortin valitsemasi summalle tai tiettyyn aktiviteettiin kuten melonnan peruskurssi tai opastettu retki. <a href=\"https:\/\/www.outdoorhappiness.fi\/fi\/yrityksesta\/\">Ota yhteytt\u00e4<\/a>, teemme yhdess\u00e4 t\u00e4ydellisen joululahjan!<\/p>\n\n\n\n<p><strong>2026<\/strong><\/p>\n\n\n\n<p>Melonnan peruskurssi 6.-7.6. 2026, ilmoittautumiset: ilse.klockars@gmail.com<\/p>\n\n\n\n<p><\/p>\n\n\n\n<p><\/p>\n\n\n\n<p><\/p>\n","protected":false},"excerpt":{"rendered":"<p>Haluatko nauttia ihanista luontokokemuksista? T\u00e4lt\u00e4 sivulta l\u00f6yd\u00e4t kootusti Outdoor Happinessin tarjoamia ajankohtaisia aktiviteettej\u00e4. Ulkoilmaohjelmaa ryhmille. Outdoor Happiness j\u00e4rjest\u00e4\u00e4 tilauksesta turvallista &#8230; <a title=\"Ajankohtaista\" class=\"read-more\" href=\"https:\/\/www.outdoorhappiness.fi\/fi\/ajankohtaista\/\" aria-label=\"Lue lis\u00e4\u00e4 aiheesta Ajankohtaista\">Lue lis\u00e4\u00e4<\/a><\/p>\n","protected":false},"author":1,"featured_media":0,"parent":0,"menu_order":0,"comment_status":"closed","ping_status":"closed","template":"","meta":{"_kad_blocks_custom_css":"","_kad_blocks_head_custom_js":"","_kad_blocks_body_custom_js":"","_kad_blocks_footer_custom_js":"","footnotes":""},"class_list":{"0":"post-1820","1":"page","2":"type-page","3":"status-publish","5":"no-featured-image-padding"},"taxonomy_info":[],"featured_image_src_large":false,"author_info":{"display_name":"admin","author_link":"https:\/\/www.outdoorhappiness.fi\/fi\/author\/admin\/"},"comment_info":0,"_links":{"self":[{"href":"https:\/\/www.outdoorhappiness.fi\/fi\/wp-json\/wp\/v2\/pages\/1820","targetHints":{"allow":["GET"]}}],"collection":[{"href":"https:\/\/www.outdoorhappiness.fi\/fi\/wp-json\/wp\/v2\/pages"}],"about":[{"href":"https:\/\/www.outdoorhappiness.fi\/fi\/wp-json\/wp\/v2\/types\/page"}],"author":[{"embeddable":true,"href":"https:\/\/www.outdoorhappiness.fi\/fi\/wp-json\/wp\/v2\/users\/1"}],"replies":[{"embeddable":true,"href":"https:\/\/www.outdoorhappiness.fi\/fi\/wp-json\/wp\/v2\/comments?post=1820"}],"version-history":[{"count":25,"href":"https:\/\/www.outdoorhappiness.fi\/fi\/wp-json\/wp\/v2\/pages\/1820\/revisions"}],"predecessor-version":[{"id":2222,"href":"https:\/\/www.outdoorhappiness.fi\/fi\/wp-json\/wp\/v2\/pages\/1820\/revisions\/2222"}],"wp:attachment":[{"href":"https:\/\/www.outdoorhappiness.fi\/fi\/wp-json\/wp\/v2\/media?parent=1820"}],"curies":[{"name":"wp","href":"https:\/\/api.w.org\/{rel}","templated":true}]}}