{"id":1200,"date":"2018-01-17T13:16:37","date_gmt":"2018-01-17T13:16:37","guid":{"rendered":"https:\/\/www.outdoorhappiness.fi\/?page_id=1200"},"modified":"2020-10-12T20:03:01","modified_gmt":"2020-10-12T17:03:01","slug":"yrityksesta","status":"publish","type":"page","link":"https:\/\/www.outdoorhappiness.fi\/fi\/yrityksesta\/","title":{"rendered":"Yrityksest\u00e4"},"content":{"rendered":"\n<figure class=\"wp-block-image size-large\"><img loading=\"lazy\" decoding=\"async\" width=\"1024\" height=\"576\" src=\"https:\/\/www.outdoorhappiness.fi\/wp-content\/uploads\/2020\/10\/outdoor_happiness-1024x576.jpg\" alt=\"\" class=\"wp-image-1713\" srcset=\"https:\/\/www.outdoorhappiness.fi\/wp-content\/uploads\/2020\/10\/outdoor_happiness-1024x576.jpg 1024w, https:\/\/www.outdoorhappiness.fi\/wp-content\/uploads\/2020\/10\/outdoor_happiness-300x169.jpg 300w, https:\/\/www.outdoorhappiness.fi\/wp-content\/uploads\/2020\/10\/outdoor_happiness-768x432.jpg 768w, https:\/\/www.outdoorhappiness.fi\/wp-content\/uploads\/2020\/10\/outdoor_happiness.jpg 1200w\" sizes=\"auto, (max-width: 1024px) 100vw, 1024px\" \/><\/figure>\n\n\n\n<p><strong>Olen Ilse Klockars<\/strong>, toimittaja sek\u00e4 luonto- ja er\u00e4opas. Yritykseni Outdoor Happiness toimii Hangossa ja haluan inspiroida ihmisi\u00e4 l\u00f6yt\u00e4m\u00e4\u00e4n ulkoilmael\u00e4m\u00e4\u00e4n ymp\u00e4ri vuoden. Opetan ulkoilmael\u00e4m\u00e4\u00e4n liittyv\u00e4\u00e4 osaamista ja opastan. Haluan toiminnassani vahvasti nostaa esille luonnon merkityksen hyvinvoinnin l\u00e4hteen\u00e4.  <\/p>\n\n\n<style>.wp-block-kadence-advancedheading.kt-adv-heading_05bebb-20, .wp-block-kadence-advancedheading.kt-adv-heading_05bebb-20[data-kb-block=\"kb-adv-heading_05bebb-20\"]{font-style:normal;}.wp-block-kadence-advancedheading.kt-adv-heading_05bebb-20 mark.kt-highlight, .wp-block-kadence-advancedheading.kt-adv-heading_05bebb-20[data-kb-block=\"kb-adv-heading_05bebb-20\"] mark.kt-highlight{font-style:normal;color:#f76a0c;-webkit-box-decoration-break:clone;box-decoration-break:clone;padding-top:0px;padding-right:0px;padding-bottom:0px;padding-left:0px;}.wp-block-kadence-advancedheading.kt-adv-heading_05bebb-20 img.kb-inline-image, .wp-block-kadence-advancedheading.kt-adv-heading_05bebb-20[data-kb-block=\"kb-adv-heading_05bebb-20\"] img.kb-inline-image{width:150px;vertical-align:baseline;}<\/style>\n<h2 id=\"kt-adv-heading_05bebb-20\" class=\"kt-adv-heading_05bebb-20 wp-block-kadence-advancedheading\">Koulutus ja osaaminen<\/h2>\n\n\n<style>.wp-block-kadence-iconlist.kt-svg-icon-list-items_5c608f-e7:not(.this-stops-third-party-issues){margin-top:0px;margin-bottom:0px;}.wp-block-kadence-iconlist.kt-svg-icon-list-items_5c608f-e7 ul.kt-svg-icon-list:not(.this-prevents-issues):not(.this-stops-third-party-issues):not(.tijsloc){margin-top:0px;margin-right:0px;margin-bottom:var(--global-kb-spacing-sm, 1.5rem);margin-left:0px;}.wp-block-kadence-iconlist.kt-svg-icon-list-items_5c608f-e7 ul.kt-svg-icon-list{grid-row-gap:5px;}.wp-block-kadence-iconlist.kt-svg-icon-list-items_5c608f-e7 ul.kt-svg-icon-list .kt-svg-icon-list-item-wrap .kt-svg-icon-list-single{margin-right:10px;}.kt-svg-icon-list-items_5c608f-e7 ul.kt-svg-icon-list .kt-svg-icon-list-level-0 .kt-svg-icon-list-single svg{font-size:20px;}.kt-svg-icon-list-items_5c608f-e7 ul.kt-svg-icon-list .kt-svg-icon-list-level-1 .kt-svg-icon-list-single svg{font-size:20px;}.kt-svg-icon-list-items_5c608f-e7 ul.kt-svg-icon-list .kt-svg-icon-list-level-2 .kt-svg-icon-list-single svg{font-size:20px;}.kt-svg-icon-list-items_5c608f-e7 ul.kt-svg-icon-list .kt-svg-icon-list-level-3 .kt-svg-icon-list-single svg{font-size:20px;}.kt-svg-icon-list-items_5c608f-e7 ul.kt-svg-icon-list .kt-svg-icon-list-level-4 .kt-svg-icon-list-single svg{font-size:20px;}.kt-svg-icon-list-items_5c608f-e7 ul.kt-svg-icon-list .kt-svg-icon-list-level-5 .kt-svg-icon-list-single svg{font-size:20px;}.kt-svg-icon-list-items_5c608f-e7 ul.kt-svg-icon-list .kt-svg-icon-list-level-6 .kt-svg-icon-list-single svg{font-size:20px;}<\/style>\n<div class=\"wp-block-kadence-iconlist kt-svg-icon-list-items kt-svg-icon-list-items_5c608f-e7 kt-svg-icon-list-columns-1 alignnone\"><ul class=\"kt-svg-icon-list\"><li class=\"kt-svg-icon-list-style-default kt-svg-icon-list-item-wrap kt-svg-icon-list-item-0\"><div style=\"display:inline-flex;justify-content:center;align-items:center\" class=\"kt-svg-icon-list-single kt-svg-icon-list-single-fe_checkCircle\"><svg style=\"display:inline-block;vertical-align:middle\" viewbox=\"0 0 24 24\" height=\"20\" width=\"20\" fill=\"none\" stroke=\"currentColor\" xmlns=\"http:\/\/www.w3.org\/2000\/svg\" stroke-width=\"2\" stroke-linecap=\"round\" stroke-linejoin=\"round\"><path d=\"M22 11.08V12a10 10 0 1 1-5.93-9.14\"><\/path><polyline points=\"22 4 12 14.01 9 11.01\"><\/polyline><\/svg><\/div><span class=\"kt-svg-icon-list-text\">Er\u00e4- ja luonto-opas (Ammattitutkinto, Axxell)<\/span><\/li><li class=\"kt-svg-icon-list-style-default kt-svg-icon-list-item-wrap kt-svg-icon-list-item-1\"><div style=\"display:inline-flex;justify-content:center;align-items:center\" class=\"kt-svg-icon-list-single kt-svg-icon-list-single-fe_checkCircle\"><svg style=\"display:inline-block;vertical-align:middle\" viewbox=\"0 0 24 24\" height=\"20\" width=\"20\" fill=\"none\" stroke=\"currentColor\" xmlns=\"http:\/\/www.w3.org\/2000\/svg\" stroke-width=\"2\" stroke-linecap=\"round\" stroke-linejoin=\"round\"><path d=\"M22 11.08V12a10 10 0 1 1-5.93-9.14\"><\/path><polyline points=\"22 4 12 14.01 9 11.01\"><\/polyline><\/svg><\/div><span class=\"kt-svg-icon-list-text\">Sea Kayak Guide BCU 3 Star, Melontaohjaaja, EPP3 (Euro Paddle Pass)<\/span><\/li><li class=\"kt-svg-icon-list-style-default kt-svg-icon-list-item-wrap kt-svg-icon-list-item-2\"><div style=\"display:inline-flex;justify-content:center;align-items:center\" class=\"kt-svg-icon-list-single kt-svg-icon-list-single-fe_checkCircle\"><svg style=\"display:inline-block;vertical-align:middle\" viewbox=\"0 0 24 24\" height=\"20\" width=\"20\" fill=\"none\" stroke=\"currentColor\" xmlns=\"http:\/\/www.w3.org\/2000\/svg\" stroke-width=\"2\" stroke-linecap=\"round\" stroke-linejoin=\"round\"><path d=\"M22 11.08V12a10 10 0 1 1-5.93-9.14\"><\/path><polyline points=\"22 4 12 14.01 9 11.01\"><\/polyline><\/svg><\/div><span class=\"kt-svg-icon-list-text\">Hiihdonopettaja (alppi)<\/span><\/li><li class=\"kt-svg-icon-list-style-default kt-svg-icon-list-item-wrap kt-svg-icon-list-item-3\"><div style=\"display:inline-flex;justify-content:center;align-items:center\" class=\"kt-svg-icon-list-single kt-svg-icon-list-single-fe_checkCircle\"><svg style=\"display:inline-block;vertical-align:middle\" viewbox=\"0 0 24 24\" height=\"20\" width=\"20\" fill=\"none\" stroke=\"currentColor\" xmlns=\"http:\/\/www.w3.org\/2000\/svg\" stroke-width=\"2\" stroke-linecap=\"round\" stroke-linejoin=\"round\"><path d=\"M22 11.08V12a10 10 0 1 1-5.93-9.14\"><\/path><polyline points=\"22 4 12 14.01 9 11.01\"><\/polyline><\/svg><\/div><span class=\"kt-svg-icon-list-text\">Advanced Wilderness First Aid (NOLS)<\/span><\/li><li class=\"kt-svg-icon-list-style-default kt-svg-icon-list-item-wrap kt-svg-icon-list-item-4\"><div style=\"display:inline-flex;justify-content:center;align-items:center\" class=\"kt-svg-icon-list-single kt-svg-icon-list-single-fe_checkCircle\"><svg style=\"display:inline-block;vertical-align:middle\" viewbox=\"0 0 24 24\" height=\"20\" width=\"20\" fill=\"none\" stroke=\"currentColor\" xmlns=\"http:\/\/www.w3.org\/2000\/svg\" stroke-width=\"2\" stroke-linecap=\"round\" stroke-linejoin=\"round\"><path d=\"M22 11.08V12a10 10 0 1 1-5.93-9.14\"><\/path><polyline points=\"22 4 12 14.01 9 11.01\"><\/polyline><\/svg><\/div><span class=\"kt-svg-icon-list-text\">Green Care -opinnot, (Centria,\u00a0 University of Applies Sciences) 5 op.<\/span><\/li><li class=\"kt-svg-icon-list-style-default kt-svg-icon-list-item-wrap kt-svg-icon-list-item-5\"><div style=\"display:inline-flex;justify-content:center;align-items:center\" class=\"kt-svg-icon-list-single kt-svg-icon-list-single-fe_checkCircle\"><svg style=\"display:inline-block;vertical-align:middle\" viewbox=\"0 0 24 24\" height=\"20\" width=\"20\" fill=\"none\" stroke=\"currentColor\" xmlns=\"http:\/\/www.w3.org\/2000\/svg\" stroke-width=\"2\" stroke-linecap=\"round\" stroke-linejoin=\"round\"><path d=\"M22 11.08V12a10 10 0 1 1-5.93-9.14\"><\/path><polyline points=\"22 4 12 14.01 9 11.01\"><\/polyline><\/svg><\/div><span class=\"kt-svg-icon-list-text\">Mets\u00e4kylpyohjaaja, Suomi<\/span><\/li><li class=\"kt-svg-icon-list-style-default kt-svg-icon-list-item-wrap kt-svg-icon-list-item-6\"><div style=\"display:inline-flex;justify-content:center;align-items:center\" class=\"kt-svg-icon-list-single kt-svg-icon-list-single-fe_checkCircle\"><svg style=\"display:inline-block;vertical-align:middle\" viewbox=\"0 0 24 24\" height=\"20\" width=\"20\" fill=\"none\" stroke=\"currentColor\" xmlns=\"http:\/\/www.w3.org\/2000\/svg\" stroke-width=\"2\" stroke-linecap=\"round\" stroke-linejoin=\"round\"><path d=\"M22 11.08V12a10 10 0 1 1-5.93-9.14\"><\/path><polyline points=\"22 4 12 14.01 9 11.01\"><\/polyline><\/svg><\/div><span class=\"kt-svg-icon-list-text\">Biologian aineopinnot, Uppsala yliopisto<\/span><\/li><\/ul><\/div>\n\n\n\n<p>Ole yst\u00e4v\u00e4llisesti yhteydess\u00e4! Vastaan mielell\u00e4ni kysymyksiin ja toivon voivani tarjota sinulle unohtumattoman luontoel\u00e4myksen Hankoniemen ainutlaatuisessa merenl\u00e4heisess\u00e4 luonnossa! &lt;3<\/p>\n\n\n<style>.wp-block-kadence-advancedheading.kt-adv-heading_942c61-f4, .wp-block-kadence-advancedheading.kt-adv-heading_942c61-f4[data-kb-block=\"kb-adv-heading_942c61-f4\"]{font-style:normal;}.wp-block-kadence-advancedheading.kt-adv-heading_942c61-f4 mark.kt-highlight, .wp-block-kadence-advancedheading.kt-adv-heading_942c61-f4[data-kb-block=\"kb-adv-heading_942c61-f4\"] mark.kt-highlight{font-style:normal;color:#f76a0c;-webkit-box-decoration-break:clone;box-decoration-break:clone;padding-top:0px;padding-right:0px;padding-bottom:0px;padding-left:0px;}.wp-block-kadence-advancedheading.kt-adv-heading_942c61-f4 img.kb-inline-image, .wp-block-kadence-advancedheading.kt-adv-heading_942c61-f4[data-kb-block=\"kb-adv-heading_942c61-f4\"] img.kb-inline-image{width:150px;vertical-align:baseline;}<\/style>\n<h2 id=\"kt-adv-heading_942c61-f4\" class=\"kt-adv-heading_942c61-f4 wp-block-kadence-advancedheading\">Yhteystiedot<\/h2>\n\n\n\n<p>Outdoor Happiness (2841314-9)<br><br><strong>Ilse Klockars<\/strong><br><strong>Puhelin:<\/strong> +358 (0)40 5233 032<br><strong>S-posti:<\/strong> ilse.klockars@gmail.com<\/p>\n\n\n\n<p>Sivuston upeat kuvat ovat mm seuraavien kuvaajien k\u00e4sialaa:<\/p>\n\n\n\n<p><a href=\"https:\/\/johannasandin.com\/\">Johanna Sandin<\/a><a href=\"https:\/\/peter-lundqvist.smugmug.com\/\">, Peter Lundqvist<\/a>, <a href=\"https:\/\/www.hoppafilms.com\/\">Stefan Randstr\u00f6m<\/a><\/p>\n","protected":false},"excerpt":{"rendered":"<p>Olen Ilse Klockars, toimittaja sek\u00e4 luonto- ja er\u00e4opas. Yritykseni Outdoor Happiness toimii Hangossa ja haluan inspiroida ihmisi\u00e4 l\u00f6yt\u00e4m\u00e4\u00e4n ulkoilmael\u00e4m\u00e4\u00e4n ymp\u00e4ri &#8230; <a title=\"Yrityksest\u00e4\" class=\"read-more\" href=\"https:\/\/www.outdoorhappiness.fi\/fi\/yrityksesta\/\" aria-label=\"Lue lis\u00e4\u00e4 aiheesta Yrityksest\u00e4\">Lue lis\u00e4\u00e4<\/a><\/p>\n","protected":false},"author":1,"featured_media":0,"parent":0,"menu_order":0,"comment_status":"closed","ping_status":"open","template":"","meta":{"_kad_blocks_custom_css":"","_kad_blocks_head_custom_js":"","_kad_blocks_body_custom_js":"","_kad_blocks_footer_custom_js":"","footnotes":""},"class_list":{"0":"post-1200","1":"page","2":"type-page","3":"status-publish","5":"no-featured-image-padding"},"taxonomy_info":[],"featured_image_src_large":false,"author_info":{"display_name":"admin","author_link":"https:\/\/www.outdoorhappiness.fi\/fi\/author\/admin\/"},"comment_info":0,"_links":{"self":[{"href":"https:\/\/www.outdoorhappiness.fi\/fi\/wp-json\/wp\/v2\/pages\/1200","targetHints":{"allow":["GET"]}}],"collection":[{"href":"https:\/\/www.outdoorhappiness.fi\/fi\/wp-json\/wp\/v2\/pages"}],"about":[{"href":"https:\/\/www.outdoorhappiness.fi\/fi\/wp-json\/wp\/v2\/types\/page"}],"author":[{"embeddable":true,"href":"https:\/\/www.outdoorhappiness.fi\/fi\/wp-json\/wp\/v2\/users\/1"}],"replies":[{"embeddable":true,"href":"https:\/\/www.outdoorhappiness.fi\/fi\/wp-json\/wp\/v2\/comments?post=1200"}],"version-history":[{"count":6,"href":"https:\/\/www.outdoorhappiness.fi\/fi\/wp-json\/wp\/v2\/pages\/1200\/revisions"}],"predecessor-version":[{"id":1985,"href":"https:\/\/www.outdoorhappiness.fi\/fi\/wp-json\/wp\/v2\/pages\/1200\/revisions\/1985"}],"wp:attachment":[{"href":"https:\/\/www.outdoorhappiness.fi\/fi\/wp-json\/wp\/v2\/media?parent=1200"}],"curies":[{"name":"wp","href":"https:\/\/api.w.org\/{rel}","templated":true}]}}